{"id":20,"date":"2023-09-21T13:51:44","date_gmt":"2023-09-21T11:51:44","guid":{"rendered":"http:\/\/manuun.com\/?page_id=20"},"modified":"2024-05-17T23:47:10","modified_gmt":"2024-05-17T21:47:10","slug":"about-me","status":"publish","type":"page","link":"https:\/\/manuun.com\/","title":{"rendered":"Home"},"content":{"rendered":"<p>[et_pb_section fb_built=&#8220;1&#8243; custom_padding_last_edited=&#8220;on|desktop&#8220; module_id=&#8220;particles&#8220; _builder_version=&#8220;4.22.2&#8243; _module_preset=&#8220;default&#8220; background_color=&#8220;#44195e&#8220; custom_padding=&#8220;160px||400px||false|false&#8220; custom_padding_tablet=&#8220;160px||400px||false|false&#8220; custom_padding_phone=&#8220;75px||75px||false|false&#8220; global_colors_info=&#8220;{}&#8220;][et_pb_row _builder_version=&#8220;4.22.2&#8243; _module_preset=&#8220;default&#8220; global_colors_info=&#8220;{}&#8220;][et_pb_column type=&#8220;4_4&#8243; _builder_version=&#8220;4.22.2&#8243; _module_preset=&#8220;default&#8220; global_colors_info=&#8220;{}&#8220;][et_pb_text _builder_version=&#8220;4.22.2&#8243; _module_preset=&#8220;default&#8220; text_text_color=&#8220;#FFFFFF&#8220; header_font=&#8220;|600|||||||&#8220; header_text_color=&#8220;#FFFFFF&#8220; header_font_size=&#8220;40px&#8220; global_colors_info=&#8220;{}&#8220;]<\/p>\n<p>document.write(&#8222;<\/p>\n<h1>Ahoj, jmenuji se <span style=\"color: #e95d09;\">Tom\u00e1\u0161 N\u011bmec<\/span><\/h1>\n<h1>a navrhuji webov\u00e9 str\u00e1nky<span style=\"font-size: 16px;\">&#8222;);<\/span><\/h1>\n<p>[\/et_pb_text][\/et_pb_column][\/et_pb_row][et_pb_row _builder_version=&#8220;4.22.2&#8243; _module_preset=&#8220;default&#8220; global_colors_info=&#8220;{}&#8220;][et_pb_column type=&#8220;4_4&#8243; _builder_version=&#8220;4.22.2&#8243; _module_preset=&#8220;default&#8220; global_colors_info=&#8220;{}&#8220;][et_pb_button button_url=&#8220;#text&#8220; button_text=&#8220;O mn\u011b&#8220; button_alignment=&#8220;left&#8220; _builder_version=&#8220;4.22.2&#8243; _module_preset=&#8220;default&#8220; custom_button=&#8220;on&#8220; button_text_color=&#8220;#FFFFFF&#8220; button_bg_color=&#8220;#e95d09&#8243; button_border_width=&#8220;0px&#8220; button_icon=&#8220;&#x22;||divi||400&#8243; background_layout=&#8220;dark&#8220; global_colors_info=&#8220;{}&#8220;][\/et_pb_button][\/et_pb_column][\/et_pb_row][\/et_pb_section][et_pb_section fb_built=&#8220;1&#8243; custom_padding_last_edited=&#8220;on|desktop&#8220; admin_label=&#8220;#text&#8220; module_id=&#8220;text&#8220; _builder_version=&#8220;4.22.2&#8243; _module_preset=&#8220;default&#8220; background_color=&#8220;#120f1c&#8220; custom_padding=&#8220;160px||160px||false|false&#8220; custom_padding_tablet=&#8220;160px||160px||false|false&#8220; custom_padding_phone=&#8220;20px||20px||false|false&#8220; global_colors_info=&#8220;{}&#8220;][et_pb_row column_structure=&#8220;1_2,1_2&#8243; _builder_version=&#8220;4.22.2&#8243; _module_preset=&#8220;default&#8220; global_colors_info=&#8220;{}&#8220;][et_pb_column type=&#8220;1_2&#8243; _builder_version=&#8220;4.22.2&#8243; _module_preset=&#8220;default&#8220; global_colors_info=&#8220;{}&#8220;][et_pb_text _builder_version=&#8220;4.22.2&#8243; _module_preset=&#8220;default&#8220; text_text_color=&#8220;#FFFFFF&#8220; global_colors_info=&#8220;{}&#8220;]<\/p>\n<p><span>Jmenuji se\u00a0 Tom\u00e1\u0161 N\u011bmec. Poch\u00e1z\u00edm z Moravy a moment\u00e1ln\u011b bydl\u00edm v Praze.\u00a0<\/span><\/p>\n<p>M\u00e1m zku\u0161enosti s tvorbou webov\u00fdch str\u00e1nek ve <strong>WordPress<\/strong> v\u010detn\u011b u\u017eivatelsk\u00e9ho akcepta\u010dn\u00edho testov\u00e1n\u00ed, seo optimalizac\u00ed,\u00a0 a online marketingem. Rovn\u011b\u017e tak\u00e9 ovlad\u00e1m k\u00f3dovac\u00ed a programovac\u00ed jazyky <strong>HTML, CSS, Java a JavaScript.<\/strong><\/p>\n<p>Slu\u017eby kter\u00e9 nab\u00edz\u00edm:<\/p>\n<ul>\n<li><strong>N\u00e1vrh, vytvo\u0159en\u00ed webov\u00fdch str\u00e1nek<\/strong><\/li>\n<li><strong>Spr\u00e1va webu \/ eshopu<\/strong><\/li>\n<li><strong>Seo optimalizace<\/strong><\/li>\n<li><strong>Spr\u00e1va soci\u00e1ln\u00edch sit\u00ed<\/strong><\/li>\n<li><strong>Spr\u00e1va online profil\u016f (google, firmy.cz)<\/strong><\/li>\n<\/ul>\n<p>&nbsp;<\/p>\n<p>[\/et_pb_text][\/et_pb_column][et_pb_column type=&#8220;1_2&#8243; _builder_version=&#8220;4.22.2&#8243; _module_preset=&#8220;default&#8220; global_colors_info=&#8220;{}&#8220;][et_pb_image src=&#8220;https:\/\/manuun.com\/wp-content\/uploads\/2023\/09\/snake-e1695325621635.png&#8220; align=&#8220;center&#8220; _builder_version=&#8220;4.22.2&#8243; _module_preset=&#8220;default&#8220; custom_padding=&#8220;57px|||||&#8220; global_colors_info=&#8220;{}&#8220;][\/et_pb_image][\/et_pb_column][\/et_pb_row][\/et_pb_section][et_pb_section fb_built=&#8220;1&#8243; custom_padding_last_edited=&#8220;on|phone&#8220; admin_label=&#8220;#websites&#8220; module_id=&#8220;websites&#8220; _builder_version=&#8220;4.22.2&#8243; _module_preset=&#8220;default&#8220; background_color=&#8220;#14121c&#8220; custom_padding=&#8220;160px||160px||false|false&#8220; custom_padding_tablet=&#8220;160px||160px||false|false&#8220; custom_padding_phone=&#8220;20px||20px||false|false&#8220; global_colors_info=&#8220;{}&#8220;][et_pb_row column_structure=&#8220;1_2,1_2&#8243; _builder_version=&#8220;4.22.2&#8243; _module_preset=&#8220;default&#8220; global_colors_info=&#8220;{}&#8220;][et_pb_column type=&#8220;1_2&#8243; _builder_version=&#8220;4.22.2&#8243; _module_preset=&#8220;default&#8220; global_colors_info=&#8220;{}&#8220;][et_pb_text admin_label=&#8220;text&#8220; module_id=&#8220;text&#8220; _builder_version=&#8220;4.22.2&#8243; _module_preset=&#8220;default&#8220; text_text_color=&#8220;#FFFFFF&#8220; header_text_color=&#8220;#e95d09&#8243; header_font_size=&#8220;88px&#8220; header_font_size_tablet=&#8220;88px&#8220; header_font_size_phone=&#8220;50px&#8220; header_font_size_last_edited=&#8220;on|desktop&#8220; global_colors_info=&#8220;{}&#8220;]<\/p>\n<h1><span>&lt;Websites\/&gt;<\/span><\/h1>\n<p>[\/et_pb_text][\/et_pb_column][et_pb_column type=&#8220;1_2&#8243; _builder_version=&#8220;4.22.2&#8243; _module_preset=&#8220;default&#8220; global_colors_info=&#8220;{}&#8220;][et_pb_text _builder_version=&#8220;4.22.2&#8243; _module_preset=&#8220;default&#8220; text_text_color=&#8220;#FFFFFF&#8220; global_colors_info=&#8220;{}&#8220;]<\/p>\n<p>Kdy\u017e jsem se pono\u0159il do WordPressu, objevil jsem kouzlo Divi Builderu, n\u00e1stroje, kter\u00fd zm\u011bnil m\u016fj p\u0159\u00edstup k webdesignu. Jeho intuitivn\u00ed mechanismus drag-and-drop p\u0159etv\u00e1\u0159el abstraktn\u00ed koncepty na dynamick\u00e9 webov\u00e9 str\u00e1nky. N\u011bkter\u00e9 z m\u00fdch prac\u00ed si m\u016f\u017eete prohl\u00e9dnout n\u00ed\u017ee<\/p>\n<p>[\/et_pb_text][\/et_pb_column][\/et_pb_row][et_pb_row column_structure=&#8220;1_2,1_2&#8243; _builder_version=&#8220;4.22.2&#8243; _module_preset=&#8220;default&#8220; global_colors_info=&#8220;{}&#8220;][et_pb_column type=&#8220;1_2&#8243; _builder_version=&#8220;4.22.2&#8243; _module_preset=&#8220;default&#8220; global_colors_info=&#8220;{}&#8220;][et_pb_image src=&#8220;https:\/\/manuun.com\/wp-content\/uploads\/2023\/09\/wellness.jpg&#8220; url=&#8220;https:\/\/www.wellnessjinonice.cz\/&#8220; url_new_window=&#8220;on&#8220; _builder_version=&#8220;4.22.2&#8243; _module_preset=&#8220;default&#8220; animation_style=&#8220;zoom&#8220; global_colors_info=&#8220;{}&#8220; src__hover_enabled=&#8220;on|desktop&#8220; transform_styles__hover_enabled=&#8220;on|hover&#8220; transform_scale__hover_enabled=&#8220;on|hover&#8220; transform_translate__hover_enabled=&#8220;on|hover&#8220; transform_rotate__hover_enabled=&#8220;on|hover&#8220; transform_skew__hover_enabled=&#8220;on|hover&#8220; transform_origin__hover_enabled=&#8220;on|hover&#8220; transform_scale__hover=&#8220;110%|110%&#8220; src__hover=&#8220;https:\/\/manuun.com\/wp-content\/uploads\/2023\/09\/wellness.jpg&#8220;][\/et_pb_image][et_pb_image src=&#8220;https:\/\/manuun.com\/wp-content\/uploads\/2024\/03\/Untitled.jpg&#8220; url=&#8220;https:\/\/www.carodejka-vanessa.cz\/&#8220; url_new_window=&#8220;on&#8220; _builder_version=&#8220;4.22.2&#8243; _module_preset=&#8220;default&#8220; animation_style=&#8220;zoom&#8220; hover_enabled=&#8220;0&#8243; global_colors_info=&#8220;{}&#8220; src__hover_enabled=&#8220;on|hover&#8220; transform_styles__hover_enabled=&#8220;on|hover&#8220; transform_scale__hover_enabled=&#8220;on|hover&#8220; transform_translate__hover_enabled=&#8220;on|hover&#8220; transform_rotate__hover_enabled=&#8220;on|hover&#8220; transform_skew__hover_enabled=&#8220;on|hover&#8220; transform_origin__hover_enabled=&#8220;on|hover&#8220; transform_scale__hover=&#8220;110%|110%&#8220; src__hover=&#8220;https:\/\/manuun.com\/wp-content\/uploads\/2024\/03\/Untitled.jpg&#8220; sticky_enabled=&#8220;0&#8243;][\/et_pb_image][\/et_pb_column][et_pb_column type=&#8220;1_2&#8243; _builder_version=&#8220;4.22.2&#8243; _module_preset=&#8220;default&#8220; global_colors_info=&#8220;{}&#8220;][et_pb_image src=&#8220;https:\/\/manuun.com\/wp-content\/uploads\/2023\/09\/magie.jpg&#8220; url=&#8220;http:\/\/magieosvicenych.cz\/&#8220; url_new_window=&#8220;on&#8220; _builder_version=&#8220;4.22.2&#8243; _module_preset=&#8220;default&#8220; animation_style=&#8220;zoom&#8220; global_colors_info=&#8220;{}&#8220; transform_styles__hover_enabled=&#8220;on|hover&#8220; transform_scale__hover_enabled=&#8220;on|hover&#8220; transform_translate__hover_enabled=&#8220;on|desktop&#8220; transform_rotate__hover_enabled=&#8220;on|desktop&#8220; transform_skew__hover_enabled=&#8220;on|desktop&#8220; transform_origin__hover_enabled=&#8220;on|desktop&#8220; transform_scale__hover=&#8220;110%|110%&#8220;][\/et_pb_image][et_pb_image src=&#8220;https:\/\/manuun.com\/wp-content\/uploads\/2024\/05\/Untitled.jpg&#8220; url=&#8220;https:\/\/www.aktualnidenik.cz\/&#8220; url_new_window=&#8220;on&#8220; _builder_version=&#8220;4.22.2&#8243; _module_preset=&#8220;default&#8220; animation_style=&#8220;zoom&#8220; hover_enabled=&#8220;0&#8243; global_colors_info=&#8220;{}&#8220; transform_styles__hover_enabled=&#8220;on|hover&#8220; transform_scale__hover_enabled=&#8220;on|hover&#8220; transform_translate__hover_enabled=&#8220;on|desktop&#8220; transform_rotate__hover_enabled=&#8220;on|desktop&#8220; transform_skew__hover_enabled=&#8220;on|desktop&#8220; transform_origin__hover_enabled=&#8220;on|desktop&#8220; transform_scale__hover=&#8220;110%|110%&#8220; title_text=&#8220;Aktu\u00e1ln\u00ed den\u00edk&#8220; sticky_enabled=&#8220;0&#8243;][\/et_pb_image][\/et_pb_column][\/et_pb_row][\/et_pb_section][et_pb_section fb_built=&#8220;1&#8243; custom_padding_last_edited=&#8220;on|phone&#8220; admin_label=&#8220;#coding&#8220; module_id=&#8220;coding&#8220; _builder_version=&#8220;4.22.2&#8243; _module_preset=&#8220;default&#8220; background_color=&#8220;#120f1c&#8220; custom_padding=&#8220;160px||160px||false|false&#8220; custom_padding_tablet=&#8220;160px||160px||false|false&#8220; custom_padding_phone=&#8220;20px||20px||false|false&#8220; global_colors_info=&#8220;{}&#8220;][et_pb_row column_structure=&#8220;1_2,1_2&#8243; _builder_version=&#8220;4.22.2&#8243; _module_preset=&#8220;default&#8220; global_colors_info=&#8220;{}&#8220;][et_pb_column type=&#8220;1_2&#8243; _builder_version=&#8220;4.22.2&#8243; _module_preset=&#8220;default&#8220; global_colors_info=&#8220;{}&#8220;][et_pb_text admin_label=&#8220;text&#8220; module_id=&#8220;text&#8220; _builder_version=&#8220;4.22.2&#8243; _module_preset=&#8220;default&#8220; text_text_color=&#8220;#FFFFFF&#8220; header_text_color=&#8220;#e95d09&#8243; header_font_size=&#8220;88px&#8220; header_font_size_tablet=&#8220;88px&#8220; header_font_size_phone=&#8220;50px&#8220; header_font_size_last_edited=&#8220;on|phone&#8220; global_colors_info=&#8220;{}&#8220;]<\/p>\n<h1><span>&lt;Coding\/&gt;<\/span><\/h1>\n<p>[\/et_pb_text][\/et_pb_column][et_pb_column type=&#8220;1_2&#8243; _builder_version=&#8220;4.22.2&#8243; _module_preset=&#8220;default&#8220; global_colors_info=&#8220;{}&#8220;][et_pb_text _builder_version=&#8220;4.22.2&#8243; _module_preset=&#8220;default&#8220; text_text_color=&#8220;#FFFFFF&#8220; global_colors_info=&#8220;{}&#8220;]<\/p>\n<p>Kdy\u017e jsem se vyd\u00e1val na cestu za technologiemi, Java se uk\u00e1zala jako robustn\u00ed a v\u0161estrann\u00fd jazyk. Jej\u00ed objektov\u011b orientovan\u00e1 povaha a rozs\u00e1hl\u00e9 knihovny mi umo\u017enily vyv\u00edjet komplexn\u00ed aplikace. Kdy\u017e jsem se pono\u0159il hloub\u011bji, Java Spring Boot to je\u0161t\u011b umocnila, zefektivnila backendov\u00e9 procesy a vytvo\u0159ila efektivn\u00ed webov\u00e9 slu\u017eby. Soub\u011b\u017en\u011b s t\u00edm jsem se p\u0159i v\u00fdvoji webov\u00fdch str\u00e1nek sezn\u00e1mil s jazyky HTML a CSS, z\u00e1kladn\u00edmi pil\u00ed\u0159i pro tvorbu webov\u00fdch vzhled\u016f. JavaScript d\u00e1le zlep\u0161il interaktivitu, d\u00edky \u010demu\u017e byly m\u00e9 webov\u00e9 str\u00e1nky dynamick\u00e9. Tyto dovednosti dohromady podpo\u0159ily mou zdatnost ve v\u00fdvoji cel\u00e9ho bal\u00ed\u010dku. Moje program\u00e1torsk\u00e9 pr\u00e1ce najdete v m\u00e9m portfoliu na githubu n\u00ed\u017ee.<\/p>\n<p>[\/et_pb_text][\/et_pb_column][\/et_pb_row][et_pb_row _builder_version=&#8220;4.22.2&#8243; _module_preset=&#8220;default&#8220; global_colors_info=&#8220;{}&#8220;][et_pb_column type=&#8220;4_4&#8243; _builder_version=&#8220;4.22.2&#8243; _module_preset=&#8220;default&#8220; global_colors_info=&#8220;{}&#8220;][et_pb_image src=&#8220;https:\/\/manuun.com\/wp-content\/uploads\/2023\/09\/github-mark-white.png&#8220; url=&#8220;https:\/\/github.com\/manuun1313&#8243; url_new_window=&#8220;on&#8220; align=&#8220;center&#8220; _builder_version=&#8220;4.22.2&#8243; _module_preset=&#8220;default&#8220; custom_margin=&#8220;13px|||||&#8220; global_colors_info=&#8220;{}&#8220; transform_styles__hover_enabled=&#8220;on|hover&#8220; transform_scale__hover_enabled=&#8220;on|hover&#8220; transform_translate__hover_enabled=&#8220;on|desktop&#8220; transform_rotate__hover_enabled=&#8220;on|desktop&#8220; transform_skew__hover_enabled=&#8220;on|desktop&#8220; transform_origin__hover_enabled=&#8220;on|desktop&#8220; transform_scale__hover=&#8220;110%|110%&#8220;][\/et_pb_image][\/et_pb_column][\/et_pb_row][\/et_pb_section][et_pb_section fb_built=&#8220;1&#8243; admin_label=&#8220;#contact&#8220; module_id=&#8220;contact&#8220; _builder_version=&#8220;4.22.2&#8243; _module_preset=&#8220;default&#8220; background_color=&#8220;#14121c&#8220; custom_padding=&#8220;||160px|||&#8220; global_colors_info=&#8220;{}&#8220;][et_pb_row _builder_version=&#8220;4.22.2&#8243; _module_preset=&#8220;default&#8220; global_colors_info=&#8220;{}&#8220;][et_pb_column type=&#8220;4_4&#8243; _builder_version=&#8220;4.22.2&#8243; _module_preset=&#8220;default&#8220; global_colors_info=&#8220;{}&#8220;][et_pb_text _builder_version=&#8220;4.22.2&#8243; _module_preset=&#8220;default&#8220; text_text_color=&#8220;#FFFFFF&#8220; text_font_size=&#8220;20px&#8220; text_orientation=&#8220;center&#8220; global_colors_info=&#8220;{}&#8220;]<\/p>\n<p>Pokud m\u00e1te n\u011bjak\u00e9 dotazy, nev\u00e1hejte m\u011b kontaktovat pomoc\u00ed kontaktn\u00edho formul\u00e1\u0159e n\u00ed\u017ee<\/p>\n<p>[\/et_pb_text][\/et_pb_column][\/et_pb_row][et_pb_row _builder_version=&#8220;4.22.2&#8243; _module_preset=&#8220;default&#8220; global_colors_info=&#8220;{}&#8220;][et_pb_column type=&#8220;4_4&#8243; _builder_version=&#8220;4.22.2&#8243; _module_preset=&#8220;default&#8220; global_colors_info=&#8220;{}&#8220;][et_pb_contact_form email=&#8220;legirion@gmail.com&#8220; submit_button_text=&#8220;Odeslat&#8220; _builder_version=&#8220;4.22.2&#8243; _module_preset=&#8220;default&#8220; _unique_id=&#8220;30998428-8ece-4089-ae59-57981d8b120b&#8220; captcha_text_color=&#8220;#FFFFFF&#8220; custom_button=&#8220;on&#8220; button_text_color=&#8220;#FFFFFF&#8220; button_bg_color=&#8220;#e95d09&#8243; button_border_width=&#8220;0px&#8220; global_colors_info=&#8220;{}&#8220;][et_pb_contact_field field_id=&#8220;Name&#8220; field_title=&#8220;Jm\u00e9no&#8220; _builder_version=&#8220;4.22.2&#8243; global_colors_info=&#8220;{}&#8220; button_text_size__hover_enabled=&#8220;off&#8220; button_one_text_size__hover_enabled=&#8220;off&#8220; button_two_text_size__hover_enabled=&#8220;off&#8220; button_text_color__hover_enabled=&#8220;off&#8220; button_one_text_color__hover_enabled=&#8220;off&#8220; button_two_text_color__hover_enabled=&#8220;off&#8220; button_border_width__hover_enabled=&#8220;off&#8220; button_one_border_width__hover_enabled=&#8220;off&#8220; button_two_border_width__hover_enabled=&#8220;off&#8220; button_border_color__hover_enabled=&#8220;off&#8220; button_one_border_color__hover_enabled=&#8220;off&#8220; button_two_border_color__hover_enabled=&#8220;off&#8220; button_border_radius__hover_enabled=&#8220;off&#8220; button_one_border_radius__hover_enabled=&#8220;off&#8220; button_two_border_radius__hover_enabled=&#8220;off&#8220; button_letter_spacing__hover_enabled=&#8220;off&#8220; button_one_letter_spacing__hover_enabled=&#8220;off&#8220; button_two_letter_spacing__hover_enabled=&#8220;off&#8220; button_bg_color__hover_enabled=&#8220;off&#8220; button_one_bg_color__hover_enabled=&#8220;off&#8220; button_two_bg_color__hover_enabled=&#8220;off&#8220;][\/et_pb_contact_field][et_pb_contact_field field_id=&#8220;Email&#8220; field_title=&#8220;E-mail&#8220; field_type=&#8220;email&#8220; _builder_version=&#8220;4.22.2&#8243; global_colors_info=&#8220;{}&#8220; button_text_size__hover_enabled=&#8220;off&#8220; button_one_text_size__hover_enabled=&#8220;off&#8220; button_two_text_size__hover_enabled=&#8220;off&#8220; button_text_color__hover_enabled=&#8220;off&#8220; button_one_text_color__hover_enabled=&#8220;off&#8220; button_two_text_color__hover_enabled=&#8220;off&#8220; button_border_width__hover_enabled=&#8220;off&#8220; button_one_border_width__hover_enabled=&#8220;off&#8220; button_two_border_width__hover_enabled=&#8220;off&#8220; button_border_color__hover_enabled=&#8220;off&#8220; button_one_border_color__hover_enabled=&#8220;off&#8220; button_two_border_color__hover_enabled=&#8220;off&#8220; button_border_radius__hover_enabled=&#8220;off&#8220; button_one_border_radius__hover_enabled=&#8220;off&#8220; button_two_border_radius__hover_enabled=&#8220;off&#8220; button_letter_spacing__hover_enabled=&#8220;off&#8220; button_one_letter_spacing__hover_enabled=&#8220;off&#8220; button_two_letter_spacing__hover_enabled=&#8220;off&#8220; button_bg_color__hover_enabled=&#8220;off&#8220; button_one_bg_color__hover_enabled=&#8220;off&#8220; button_two_bg_color__hover_enabled=&#8220;off&#8220;][\/et_pb_contact_field][et_pb_contact_field field_id=&#8220;Message&#8220; field_title=&#8220;Message&#8220; field_type=&#8220;text&#8220; fullwidth_field=&#8220;on&#8220; _builder_version=&#8220;4.22.2&#8243; global_colors_info=&#8220;{}&#8220; button_text_size__hover_enabled=&#8220;off&#8220; button_one_text_size__hover_enabled=&#8220;off&#8220; button_two_text_size__hover_enabled=&#8220;off&#8220; button_text_color__hover_enabled=&#8220;off&#8220; button_one_text_color__hover_enabled=&#8220;off&#8220; button_two_text_color__hover_enabled=&#8220;off&#8220; button_border_width__hover_enabled=&#8220;off&#8220; button_one_border_width__hover_enabled=&#8220;off&#8220; button_two_border_width__hover_enabled=&#8220;off&#8220; button_border_color__hover_enabled=&#8220;off&#8220; button_one_border_color__hover_enabled=&#8220;off&#8220; button_two_border_color__hover_enabled=&#8220;off&#8220; button_border_radius__hover_enabled=&#8220;off&#8220; button_one_border_radius__hover_enabled=&#8220;off&#8220; button_two_border_radius__hover_enabled=&#8220;off&#8220; button_letter_spacing__hover_enabled=&#8220;off&#8220; button_one_letter_spacing__hover_enabled=&#8220;off&#8220; button_two_letter_spacing__hover_enabled=&#8220;off&#8220; button_bg_color__hover_enabled=&#8220;off&#8220; button_one_bg_color__hover_enabled=&#8220;off&#8220; button_two_bg_color__hover_enabled=&#8220;off&#8220;][\/et_pb_contact_field][\/et_pb_contact_form][\/et_pb_column][\/et_pb_row][\/et_pb_section]<\/p>\n","protected":false},"excerpt":{"rendered":"<p>document.write(&#8220; Ahoj, jmenuji se Tom\u00e1\u0161 N\u011bmec a navrhuji webov\u00e9 str\u00e1nky&#8220;);Jmenuji se\u00a0 Tom\u00e1\u0161 N\u011bmec. Poch\u00e1z\u00edm z Moravy a moment\u00e1ln\u011b bydl\u00edm v Praze.\u00a0 M\u00e1m zku\u0161enosti s tvorbou webov\u00fdch str\u00e1nek ve WordPress v\u010detn\u011b u\u017eivatelsk\u00e9ho akcepta\u010dn\u00edho testov\u00e1n\u00ed, seo optimalizac\u00ed,\u00a0 a online marketingem. Rovn\u011b\u017e tak\u00e9 ovlad\u00e1m k\u00f3dovac\u00ed a programovac\u00ed jazyky HTML, CSS, Java a JavaScript. Slu\u017eby kter\u00e9 nab\u00edz\u00edm: N\u00e1vrh, vytvo\u0159en\u00ed [&hellip;]<\/p>\n","protected":false},"author":1,"featured_media":0,"parent":0,"menu_order":0,"comment_status":"closed","ping_status":"closed","template":"","meta":{"_et_pb_use_builder":"on","_et_pb_old_content":"","_et_gb_content_width":"","_monsterinsights_skip_tracking":false,"_monsterinsights_sitenote_active":false,"_monsterinsights_sitenote_note":"","_monsterinsights_sitenote_category":0},"_links":{"self":[{"href":"https:\/\/manuun.com\/index.php?rest_route=\/wp\/v2\/pages\/20"}],"collection":[{"href":"https:\/\/manuun.com\/index.php?rest_route=\/wp\/v2\/pages"}],"about":[{"href":"https:\/\/manuun.com\/index.php?rest_route=\/wp\/v2\/types\/page"}],"author":[{"embeddable":true,"href":"https:\/\/manuun.com\/index.php?rest_route=\/wp\/v2\/users\/1"}],"replies":[{"embeddable":true,"href":"https:\/\/manuun.com\/index.php?rest_route=%2Fwp%2Fv2%2Fcomments&post=20"}],"version-history":[{"count":6,"href":"https:\/\/manuun.com\/index.php?rest_route=\/wp\/v2\/pages\/20\/revisions"}],"predecessor-version":[{"id":169,"href":"https:\/\/manuun.com\/index.php?rest_route=\/wp\/v2\/pages\/20\/revisions\/169"}],"wp:attachment":[{"href":"https:\/\/manuun.com\/index.php?rest_route=%2Fwp%2Fv2%2Fmedia&parent=20"}],"curies":[{"name":"wp","href":"https:\/\/api.w.org\/{rel}","templated":true}]}}